{"id":27,"date":"2025-10-26T19:59:17","date_gmt":"2025-10-26T19:59:17","guid":{"rendered":"https:\/\/guvenalavm.com.tr\/?page_id=27"},"modified":"2025-10-26T20:12:22","modified_gmt":"2025-10-26T20:12:22","slug":"hakkimizda","status":"publish","type":"page","link":"https:\/\/guvenalavm.com.tr\/?page_id=27","title":{"rendered":"HAKKIMIZDA"},"content":{"rendered":"\n<p>Tecr\u00fcbeli teknik kadromuz ile g\u00fcvenilir ve verimli ekip olma anlay\u0131\u015f\u0131yla; m\u00fc\u015fteri memnuniyeti ve kalite ile birlikte zaman\u0131ndal\u0131k ilkesinden \u00f6d\u00fcn vermeden hizmet sunmaktay\u0131z. Hizmet kalitesi ve bunun ile ba\u011flant\u0131l\u0131 olarak m\u00fc\u015fteri memnuniyeti artt\u0131rmaya y\u00f6nelik \u00e7al\u0131\u015fmalar\u0131m\u0131z s\u00fcrekli olarak devam etmektedir. Teknolojinin katk\u0131lar\u0131 ile siz de\u011ferleri m\u00fc\u015fterilerimize her noktada sorunlar\u0131n\u0131z\u0131 giderme ve destek olmak i\u00e7in durmaks\u0131z\u0131n \u00e7al\u0131\u015f\u0131yoruz.<\/p>\n\n\n\n<p><strong>DE\u011eERLER\u0130M\u0130Z<\/strong><\/p>\n\n\n\n<p>G\u00fcvenilirlik,<br>Sadakat,<br>M\u00fc\u015fteri Odakl\u0131l\u0131k,<br>Sorumluluk,<br>D\u00fcr\u00fcstl\u00fck,<br>Yenilik\u00e7ilik,<br>Verimlilik<\/p>\n\n\n\n<p><strong>V\u0130ZYONUMUZ<\/strong><\/p>\n\n\n\n<p>\u201cM\u00fc\u015fterilerimizin ihtiya\u00e7 ve beklentilerini anlay\u0131p; onlara yak\u0131n, keyifli ve de\u011fer katan bir al\u0131\u015fveri\u015f deneyimi sunmak\u201dt\u0131r.<\/p>\n\n\n\n<p><strong>M\u0130SYONUMUZ<\/strong><\/p>\n\n\n\n<p>\u201cM\u00fc\u015fterisine de\u011fer yaratan, g\u00fcvenilen ve tercih edilen lider perakendeci olmak\u201dt\u0131r.<\/p>\n","protected":false},"excerpt":{"rendered":"<p>Tecr\u00fcbeli teknik kadromuz ile g\u00fcvenilir ve verimli ekip olma anlay\u0131\u015f\u0131yla; m\u00fc\u015fteri memnuniyeti ve kalite ile birlikte zaman\u0131ndal\u0131k ilkesinden \u00f6d\u00fcn vermeden [&hellip;]<\/p>\n","protected":false},"author":1,"featured_media":0,"parent":0,"menu_order":0,"comment_status":"closed","ping_status":"closed","template":"","meta":{"site-sidebar-layout":"default","site-content-layout":"","ast-site-content-layout":"default","site-content-style":"default","site-sidebar-style":"default","ast-global-header-display":"","ast-banner-title-visibility":"","ast-main-header-display":"","ast-hfb-above-header-display":"","ast-hfb-below-header-display":"","ast-hfb-mobile-header-display":"","site-post-title":"","ast-breadcrumbs-content":"","ast-featured-img":"","footer-sml-layout":"","theme-transparent-header-meta":"","adv-header-id-meta":"","stick-header-meta":"","header-above-stick-meta":"","header-main-stick-meta":"","header-below-stick-meta":"","astra-migrate-meta-layouts":"default","ast-page-background-enabled":"default","ast-page-background-meta":{"desktop":{"background-color":"var(--ast-global-color-5)","background-image":"","background-repeat":"repeat","background-position":"center center","background-size":"auto","background-attachment":"scroll","background-type":"","background-media":"","overlay-type":"","overlay-color":"","overlay-opacity":"","overlay-gradient":""},"tablet":{"background-color":"","background-image":"","background-repeat":"repeat","background-position":"center center","background-size":"auto","background-attachment":"scroll","background-type":"","background-media":"","overlay-type":"","overlay-color":"","overlay-opacity":"","overlay-gradient":""},"mobile":{"background-color":"","background-image":"","background-repeat":"repeat","background-position":"center center","background-size":"auto","background-attachment":"scroll","background-type":"","background-media":"","overlay-type":"","overlay-color":"","overlay-opacity":"","overlay-gradient":""}},"ast-content-background-meta":{"desktop":{"background-color":"var(--ast-global-color-4)","background-image":"","background-repeat":"repeat","background-position":"center center","background-size":"auto","background-attachment":"scroll","background-type":"","background-media":"","overlay-type":"","overlay-color":"","overlay-opacity":"","overlay-gradient":""},"tablet":{"background-color":"var(--ast-global-color-4)","background-image":"","background-repeat":"repeat","background-position":"center center","background-size":"auto","background-attachment":"scroll","background-type":"","background-media":"","overlay-type":"","overlay-color":"","overlay-opacity":"","overlay-gradient":""},"mobile":{"background-color":"var(--ast-global-color-4)","background-image":"","background-repeat":"repeat","background-position":"center center","background-size":"auto","background-attachment":"scroll","background-type":"","background-media":"","overlay-type":"","overlay-color":"","overlay-opacity":"","overlay-gradient":""}},"footnotes":""},"class_list":["post-27","page","type-page","status-publish","hentry"],"_links":{"self":[{"href":"https:\/\/guvenalavm.com.tr\/index.php?rest_route=\/wp\/v2\/pages\/27","targetHints":{"allow":["GET"]}}],"collection":[{"href":"https:\/\/guvenalavm.com.tr\/index.php?rest_route=\/wp\/v2\/pages"}],"about":[{"href":"https:\/\/guvenalavm.com.tr\/index.php?rest_route=\/wp\/v2\/types\/page"}],"author":[{"embeddable":true,"href":"https:\/\/guvenalavm.com.tr\/index.php?rest_route=\/wp\/v2\/users\/1"}],"replies":[{"embeddable":true,"href":"https:\/\/guvenalavm.com.tr\/index.php?rest_route=%2Fwp%2Fv2%2Fcomments&post=27"}],"version-history":[{"count":3,"href":"https:\/\/guvenalavm.com.tr\/index.php?rest_route=\/wp\/v2\/pages\/27\/revisions"}],"predecessor-version":[{"id":30,"href":"https:\/\/guvenalavm.com.tr\/index.php?rest_route=\/wp\/v2\/pages\/27\/revisions\/30"}],"wp:attachment":[{"href":"https:\/\/guvenalavm.com.tr\/index.php?rest_route=%2Fwp%2Fv2%2Fmedia&parent=27"}],"curies":[{"name":"wp","href":"https:\/\/api.w.org\/{rel}","templated":true}]}}